{"id":9840,"date":"2017-06-22T09:36:47","date_gmt":"2017-06-22T12:36:47","guid":{"rendered":"http:\/\/w3.sime.org.br\/sis\/?page_id=9840"},"modified":"2017-06-26T09:00:46","modified_gmt":"2017-06-26T12:00:46","slug":"atestado-de-exclusividade","status":"publish","type":"page","link":"https:\/\/www.sime.org.br\/sis\/servicos\/atestado-de-exclusividade\/","title":{"rendered":"Atestado de Exclusividade"},"content":{"rendered":"<div class=\"wpb-content-wrapper\"><p>[vc_row][vc_column width=&#8221;1\/2&#8243;][vc_column_text]<\/p>\n<h3>Inexigibilidade de licita\u00e7\u00f5es para produtos exclusivos.<\/h3>\n<p>Documento elaborado internamente que certifica e atesta que a empresa solicitante \u00e9 a \u00fanica a comercializar determinado produto em um dado territ\u00f3rio, isentando-a da exig\u00eancia de celebrar licita\u00e7\u00f5es.[\/vc_column_text][\/vc_column][vc_column width=&#8221;1\/2&#8243;][vc_single_image image=&#8221;9894&#8243; img_size=&#8221;full&#8221;][\/vc_column][\/vc_row]<\/p>\n<\/div>","protected":false},"excerpt":{"rendered":"<p>[vc_row][vc_column width=&#8221;1\/2&#8243;][vc_column_text] Inexigibilidade de licita\u00e7\u00f5es para produtos exclusivos. Documento elaborado internamente que certifica e atesta que a empresa solicitante \u00e9 a \u00fanica a comercializar determinado produto em um dado territ\u00f3rio, isentando-a da exig\u00eancia de celebrar licita\u00e7\u00f5es.[\/vc_column_text][\/vc_column][vc_column width=&#8221;1\/2&#8243;][vc_single_image image=&#8221;9894&#8243; img_size=&#8221;full&#8221;][\/vc_column][\/vc_row]<\/p>\n","protected":false},"author":1,"featured_media":9894,"parent":6830,"menu_order":0,"comment_status":"closed","ping_status":"closed","template":"","meta":{"footnotes":""},"class_list":["post-9840","page","type-page","status-publish","has-post-thumbnail","hentry"],"_links":{"self":[{"href":"https:\/\/www.sime.org.br\/sis\/wp-json\/wp\/v2\/pages\/9840","targetHints":{"allow":["GET"]}}],"collection":[{"href":"https:\/\/www.sime.org.br\/sis\/wp-json\/wp\/v2\/pages"}],"about":[{"href":"https:\/\/www.sime.org.br\/sis\/wp-json\/wp\/v2\/types\/page"}],"author":[{"embeddable":true,"href":"https:\/\/www.sime.org.br\/sis\/wp-json\/wp\/v2\/users\/1"}],"replies":[{"embeddable":true,"href":"https:\/\/www.sime.org.br\/sis\/wp-json\/wp\/v2\/comments?post=9840"}],"version-history":[{"count":2,"href":"https:\/\/www.sime.org.br\/sis\/wp-json\/wp\/v2\/pages\/9840\/revisions"}],"predecessor-version":[{"id":9895,"href":"https:\/\/www.sime.org.br\/sis\/wp-json\/wp\/v2\/pages\/9840\/revisions\/9895"}],"up":[{"embeddable":true,"href":"https:\/\/www.sime.org.br\/sis\/wp-json\/wp\/v2\/pages\/6830"}],"wp:featuredmedia":[{"embeddable":true,"href":"https:\/\/www.sime.org.br\/sis\/wp-json\/wp\/v2\/media\/9894"}],"wp:attachment":[{"href":"https:\/\/www.sime.org.br\/sis\/wp-json\/wp\/v2\/media?parent=9840"}],"curies":[{"name":"wp","href":"https:\/\/api.w.org\/{rel}","templated":true}]}}