{"id":9831,"date":"2017-06-22T09:26:16","date_gmt":"2017-06-22T12:26:16","guid":{"rendered":"http:\/\/w3.sime.org.br\/sis\/?page_id=9831"},"modified":"2017-06-22T09:33:16","modified_gmt":"2017-06-22T12:33:16","slug":"auditorio-para-cursos-e-eventos","status":"publish","type":"page","link":"https:\/\/www.sime.org.br\/sis\/servicos\/auditorio-para-cursos-e-eventos\/","title":{"rendered":"Audit\u00f3rio para cursos e eventos"},"content":{"rendered":"<div class=\"wpb-content-wrapper\"><p>[vc_row][vc_column width=&#8221;1\/2&#8243;][vc_column_text]<\/p>\n<h3>Temos o espa\u00e7o perfeito para cursos, palestras e reuni\u00f5es.<\/h3>\n<p>Audit\u00f3rio de 25 lugares equipado com ar-condicionado, wi-fi, Datashow e amplificador de som.<!--more--><\/p>\n<p>Espa\u00e7o reservado para cursos palestras e reuni\u00f5es, disponibilizado sem custo para as empesas associadas.<\/p>\n<p>&nbsp;<\/p>\n<p>Entre em <a href=\"http:\/\/w3.sime.org.br\/sis\/faleconosco\/\">contato<\/a> e consulte nossa agenda.[\/vc_column_text][\/vc_column][vc_column width=&#8221;1\/2&#8243;][vc_single_image image=&#8221;9832&#8243; img_size=&#8221;full&#8221;][\/vc_column][\/vc_row]<\/p>\n<\/div>","protected":false},"excerpt":{"rendered":"<p>[vc_row][vc_column width=&#8221;1\/2&#8243;][vc_column_text] Temos o espa\u00e7o perfeito para cursos, palestras e reuni\u00f5es. Audit\u00f3rio de 25 lugares equipado com ar-condicionado, wi-fi, Datashow e amplificador de som.<\/p>\n","protected":false},"author":1,"featured_media":9832,"parent":6830,"menu_order":0,"comment_status":"closed","ping_status":"closed","template":"","meta":{"footnotes":""},"class_list":["post-9831","page","type-page","status-publish","has-post-thumbnail","hentry"],"_links":{"self":[{"href":"https:\/\/www.sime.org.br\/sis\/wp-json\/wp\/v2\/pages\/9831","targetHints":{"allow":["GET"]}}],"collection":[{"href":"https:\/\/www.sime.org.br\/sis\/wp-json\/wp\/v2\/pages"}],"about":[{"href":"https:\/\/www.sime.org.br\/sis\/wp-json\/wp\/v2\/types\/page"}],"author":[{"embeddable":true,"href":"https:\/\/www.sime.org.br\/sis\/wp-json\/wp\/v2\/users\/1"}],"replies":[{"embeddable":true,"href":"https:\/\/www.sime.org.br\/sis\/wp-json\/wp\/v2\/comments?post=9831"}],"version-history":[{"count":3,"href":"https:\/\/www.sime.org.br\/sis\/wp-json\/wp\/v2\/pages\/9831\/revisions"}],"predecessor-version":[{"id":9839,"href":"https:\/\/www.sime.org.br\/sis\/wp-json\/wp\/v2\/pages\/9831\/revisions\/9839"}],"up":[{"embeddable":true,"href":"https:\/\/www.sime.org.br\/sis\/wp-json\/wp\/v2\/pages\/6830"}],"wp:featuredmedia":[{"embeddable":true,"href":"https:\/\/www.sime.org.br\/sis\/wp-json\/wp\/v2\/media\/9832"}],"wp:attachment":[{"href":"https:\/\/www.sime.org.br\/sis\/wp-json\/wp\/v2\/media?parent=9831"}],"curies":[{"name":"wp","href":"https:\/\/api.w.org\/{rel}","templated":true}]}}