{"id":9579,"date":"2014-05-19T08:53:44","date_gmt":"2014-05-19T11:53:44","guid":{"rendered":"http:\/\/w3.sime.org.br\/sis\/?page_id=9579"},"modified":"2022-03-03T19:10:06","modified_gmt":"2022-03-03T22:10:06","slug":"emissao-de-guias","status":"publish","type":"page","link":"https:\/\/www.sime.org.br\/sis\/servicos\/emissao-de-guias\/","title":{"rendered":"Emiss\u00e3o de Guias"},"content":{"rendered":"<div class=\"wpb-content-wrapper\"><p>[vc_row][vc_column width=&#8221;1\/2&#8243;][vc_column_text]Prezados Senhores,<\/p>\n<p>Esclarecemos a todos que pelas novas regras banc\u00e1rias os boletos de cobran\u00e7a devem,\u00a0 obrigatoriamente, constar um valor que, no caso da contribui\u00e7\u00e3o assistencial de 2017,\u00a0 foi atribu\u00eddo de modo a permitir que as empresas, ap\u00f3s aplicar as instru\u00e7\u00f5es de pagamento, pudessem adequ\u00e1-lo\u00a0 podendo pagar um valor maior ou menor que o constante do boleto.<\/p>\n<p>Entretanto, em virtude de quest\u00f5es operacionais consequentes da nova plataforma de cobran\u00e7a exigida pelos bancos,\u00a0 os boletos encaminhados est\u00e3o com restri\u00e7\u00e3o para pagamento em valores diferentes do que constam na guia.<\/p>\n<p>Assim, nos desculpamos pelo ocorrido e solicitamos as empresas que entrem em contato com o Sindicato pelos telefones: 21-2532-9309 e\u00a0 21-2532-6619 ou atrav\u00e9s do e-mail <u><a href=\"mailto:simerj@sime.org.br\">simerj@sime.org.br<\/a><br \/>\n<\/u>A equipe dos funcion\u00e1rios do Simerj est\u00e1 a disposi\u00e7\u00e3o para atender as empresas, orientar, gerar novas guias e fazer tudo que for necess\u00e1rio para sanar o\u00a0 problema.<\/p>\n<p>Atenciosamente,<br \/>\n<strong>Sindicato do Com\u00e9rcio Varejista de Material El\u00e9trico, Eletr\u00f4nicos e Eletrodom\u00e9sticos do Rio de Janeiro \u2013 Simerj <\/strong><\/p>\n<p>Acesse o link abaixo para gerar as guias de contribui\u00e7\u00e3o:<\/p>\n<ul>\n<li style=\"list-style-type: none;\">\n<ul>\n<li><a href=\"https:\/\/simerj.tcsdigital.com.br\/digital\/guiaswebemissao\/emissaoguia.aspx?entidade=FE-7C-12-84-2F-5E-2E-64&amp;tipoguia=01\" target=\"_blank\" rel=\"noopener noreferrer\">Sindical<\/a><\/li>\n<li><a href=\"https:\/\/simerj.tcsdigital.com.br\/digital\/guiaswebemissao\/emissaoguia.aspx?entidade=FE-7C-12-84-2F-5E-2E-64&amp;tipoguia=02\" target=\"_blank\" rel=\"noopener noreferrer\">Assistencial Rio de Janeiro<\/a><\/li>\n<li><a href=\"https:\/\/simerj.tcsdigital.com.br\/digital\/guiaswebemissao\/emissaoguia.aspx?entidade=FE-7C-12-84-2F-5E-2E-64&amp;tipoguia=03\" target=\"_blank\" rel=\"noopener noreferrer\">Confederativa<\/a><\/li>\n<li><a href=\"https:\/\/simerj.tcsdigital.com.br\/digital\/guiaswebemissao\/emissaoguia.aspx?entidade=FE-7C-12-84-2F-5E-2E-64&amp;tipoguia=02\" target=\"_blank\" rel=\"noopener noreferrer\">Assistencial &#8211; Rio Bonito<\/a><\/li>\n<\/ul>\n<\/li>\n<\/ul>\n<p><!--\n \t\n\n<li><a href=\"http:\/\/extranet.fecomerciorj.com.br\/DIGITALSIMERJ\/guiaswebemissao\/emissaoguia.aspx?entidade=FE-7C-12-84-2F-5E-2E-64&amp;tipoguia=02\" target=\"blank\" rel=\"noopener\">Assistencial<\/a><\/li>\n\n\n \t\n\n<li><a href=\"http:\/\/extranet.fecomerciorj.com.br\/DIGITALSIMERJ\/guiaswebemissao\/emissaoguia.aspx?entidade=FE-7C-12-84-2F-5E-2E-64&amp;tipoguia=03\" target=\"_blank\" rel=\"noopener noreferrer\">Confederativa<\/a><\/li>\n\n\n-->[\/vc_column_text][\/vc_column][vc_column width=&#8221;1\/2&#8243;][vc_single_image image=&#8221;10327&#8243; img_size=&#8221;full&#8221;][\/vc_column][\/vc_row]<\/p>\n<\/div>","protected":false},"excerpt":{"rendered":"<p>[vc_row][vc_column width=&#8221;1\/2&#8243;][vc_column_text]Prezados Senhores, Esclarecemos a todos que pelas novas regras banc\u00e1rias os boletos de cobran\u00e7a devem,\u00a0 obrigatoriamente, constar um valor que, no caso da contribui\u00e7\u00e3o assistencial de 2017,\u00a0 foi atribu\u00eddo de modo a permitir que as empresas, ap\u00f3s aplicar as instru\u00e7\u00f5es de pagamento, pudessem adequ\u00e1-lo\u00a0 podendo pagar um valor maior ou menor que o constante [&hellip;]<\/p>\n","protected":false},"author":1,"featured_media":0,"parent":6830,"menu_order":0,"comment_status":"closed","ping_status":"closed","template":"","meta":{"footnotes":""},"class_list":["post-9579","page","type-page","status-publish","hentry"],"_links":{"self":[{"href":"https:\/\/www.sime.org.br\/sis\/wp-json\/wp\/v2\/pages\/9579","targetHints":{"allow":["GET"]}}],"collection":[{"href":"https:\/\/www.sime.org.br\/sis\/wp-json\/wp\/v2\/pages"}],"about":[{"href":"https:\/\/www.sime.org.br\/sis\/wp-json\/wp\/v2\/types\/page"}],"author":[{"embeddable":true,"href":"https:\/\/www.sime.org.br\/sis\/wp-json\/wp\/v2\/users\/1"}],"replies":[{"embeddable":true,"href":"https:\/\/www.sime.org.br\/sis\/wp-json\/wp\/v2\/comments?post=9579"}],"version-history":[{"count":10,"href":"https:\/\/www.sime.org.br\/sis\/wp-json\/wp\/v2\/pages\/9579\/revisions"}],"predecessor-version":[{"id":12301,"href":"https:\/\/www.sime.org.br\/sis\/wp-json\/wp\/v2\/pages\/9579\/revisions\/12301"}],"up":[{"embeddable":true,"href":"https:\/\/www.sime.org.br\/sis\/wp-json\/wp\/v2\/pages\/6830"}],"wp:attachment":[{"href":"https:\/\/www.sime.org.br\/sis\/wp-json\/wp\/v2\/media?parent=9579"}],"curies":[{"name":"wp","href":"https:\/\/api.w.org\/{rel}","templated":true}]}}