{"id":9569,"date":"2014-05-18T17:38:51","date_gmt":"2014-05-18T20:38:51","guid":{"rendered":"http:\/\/w3.sime.org.br\/sis\/?page_id=9569"},"modified":"2017-07-07T11:13:57","modified_gmt":"2017-07-07T14:13:57","slug":"associe-se","status":"publish","type":"page","link":"https:\/\/www.sime.org.br\/sis\/associe-se\/","title":{"rendered":"Associe-se"},"content":{"rendered":"<div class=\"wpb-content-wrapper\"><p>[vc_row][vc_column width=&#8221;1\/2&#8243;][vc_column_text]Associe-se e tenha acesso aos produtos e servi\u00e7os exclusivos para associados:<\/p>\n<ul>\n<li>Rodada de Neg\u00f3cios<\/li>\n<li>Comiss\u00e3o de Concilia\u00e7\u00e3o Pr\u00e9via<\/li>\n<li>Desconto em Planos de Sa\u00fade<\/li>\n<li>Obtenha seu Atestado de Exclusividade<\/li>\n<li>Servi\u00e7o se Medicina Ocupacional e Seguran\u00e7a do Trabalho<\/li>\n<li>Consulta de an\u00e1lise de cr\u00e9dito (SPC)<\/li>\n<li>Descontos para cursos de forma\u00e7\u00e3o em faculdades<\/li>\n<li>Audit\u00f3rio para cursos e palestras<\/li>\n<li>Parceria IBPT<\/li>\n<li>Desconto em taxas de Homologa\u00e7\u00e3o<\/li>\n<li>Assessoria Jur\u00eddica<\/li>\n<li>Treinamento e Capacita\u00e7\u00e3o<\/li>\n<li>Palestras t\u00e9cnicas e Feiras<\/li>\n<li>Banco de Oportunidades<\/li>\n<li>Previd\u00eancia Associativa<\/li>\n<\/ul>\n<p>Desejando associar-se,entre em contato<br \/>\nno telefone 2532-9309 ou 2532-6619 e<br \/>\nnos envie e-mail <a href=\"mailto:simerj@sime.org.br\">simerj@sime.org.br<\/a>[\/vc_column_text][\/vc_column][vc_column width=&#8221;1\/2&#8243;][vc_single_image image=&#8221;9570&#8243; img_size=&#8221;full&#8221;][\/vc_column][\/vc_row]<\/p>\n<\/div>","protected":false},"excerpt":{"rendered":"<p>[vc_row][vc_column width=&#8221;1\/2&#8243;][vc_column_text]Associe-se e tenha acesso aos produtos e servi\u00e7os exclusivos para associados: Rodada de Neg\u00f3cios Comiss\u00e3o de Concilia\u00e7\u00e3o Pr\u00e9via Desconto em Planos de Sa\u00fade Obtenha seu Atestado de Exclusividade Servi\u00e7o se Medicina Ocupacional e Seguran\u00e7a do Trabalho Consulta de an\u00e1lise de cr\u00e9dito (SPC) Descontos para cursos de forma\u00e7\u00e3o em faculdades Audit\u00f3rio para cursos e palestras [&hellip;]<\/p>\n","protected":false},"author":1,"featured_media":0,"parent":0,"menu_order":0,"comment_status":"closed","ping_status":"closed","template":"","meta":{"footnotes":""},"class_list":["post-9569","page","type-page","status-publish","hentry"],"_links":{"self":[{"href":"https:\/\/www.sime.org.br\/sis\/wp-json\/wp\/v2\/pages\/9569","targetHints":{"allow":["GET"]}}],"collection":[{"href":"https:\/\/www.sime.org.br\/sis\/wp-json\/wp\/v2\/pages"}],"about":[{"href":"https:\/\/www.sime.org.br\/sis\/wp-json\/wp\/v2\/types\/page"}],"author":[{"embeddable":true,"href":"https:\/\/www.sime.org.br\/sis\/wp-json\/wp\/v2\/users\/1"}],"replies":[{"embeddable":true,"href":"https:\/\/www.sime.org.br\/sis\/wp-json\/wp\/v2\/comments?post=9569"}],"version-history":[{"count":5,"href":"https:\/\/www.sime.org.br\/sis\/wp-json\/wp\/v2\/pages\/9569\/revisions"}],"predecessor-version":[{"id":10017,"href":"https:\/\/www.sime.org.br\/sis\/wp-json\/wp\/v2\/pages\/9569\/revisions\/10017"}],"wp:attachment":[{"href":"https:\/\/www.sime.org.br\/sis\/wp-json\/wp\/v2\/media?parent=9569"}],"curies":[{"name":"wp","href":"https:\/\/api.w.org\/{rel}","templated":true}]}}