{"id":9537,"date":"2017-05-18T14:57:14","date_gmt":"2017-05-18T17:57:14","guid":{"rendered":"http:\/\/w3.sime.org.br\/sis\/?page_id=9537"},"modified":"2025-02-18T17:23:57","modified_gmt":"2025-02-18T20:23:57","slug":"informativos","status":"publish","type":"page","link":"https:\/\/www.sime.org.br\/sis\/informativos\/","title":{"rendered":"Informativos"},"content":{"rendered":"<div class=\"wpb-content-wrapper\"><p>[vc_row][vc_column][vc_single_image image=&#8221;12764&#8243; img_size=&#8221;full&#8221; css=&#8221;&#8221;][\/vc_column][\/vc_row][vc_row][vc_column width=&#8221;1\/2&#8243;][vc_column_text]Fique por dentro de todos os nossos informativos.<br \/>\nConfira uma sele\u00e7\u00e3o dos \u00faltimos boletins editados pelo SIMERJ.<\/p>\n<p><!--more--><\/p>\n<p><span style=\"color: #083e7b; font-family: Verdana, Arial, Helvetica, sans-serif; font-size: small;\"><b>Informativos 2019<\/b> <\/span><\/p>\n<div>\n<ul>\n<li><a href=\"http:\/\/www.sime.org.br\/sis\/wp-content\/uploads\/2019\/07\/Informativo-junho-2019.pdf\">Informativo impresso jun. 2019<\/a><\/li>\n<li><a href=\"http:\/\/www.sime.org.br\/sis\/wp-content\/uploads\/2019\/07\/Informativo-Maio-2019.pdf\">Informativo impresso mai. 2019<\/a><\/li>\n<li><a href=\"http:\/\/www.sime.org.br\/sis\/wp-content\/uploads\/2019\/07\/Informativo-abril-2019.pdf\">Informativo impresso abr. 2019<\/a><\/li>\n<li><a href=\"http:\/\/www.sime.org.br\/sis\/wp-content\/uploads\/2019\/07\/Informativo-mar\u00e7o-2019.pdf\">Informativo impresso mar. 2019<\/a><\/li>\n<li><a href=\"http:\/\/www.sime.org.br\/sis\/wp-content\/uploads\/2019\/07\/Informativo-fevereiro-2019.pdf\">Informativo impresso fev. 2019<\/a><\/li>\n<li><a href=\"http:\/\/www.sime.org.br\/sis\/wp-content\/uploads\/2019\/07\/Informativo-janeiro-2019.pdf\">Informativo impresso jan. 2019<\/a><\/li>\n<\/ul>\n<\/div>\n<p>[\/vc_column_text][\/vc_column][vc_column width=&#8221;1\/2&#8243;][vc_column_text]<span style=\"color: #083e7b; font-family: Verdana, Arial, Helvetica, sans-serif; font-size: small;\"><b>Informativos 2018<\/b> <\/span><\/p>\n<div>\n<ul>\n<li><a href=\"http:\/\/www.sime.org.br\/sis\/wp-content\/uploads\/2019\/07\/Informativo-Novembro-2018.pdf\">Informativo impresso nov. 2018<\/a><\/li>\n<li><a href=\"http:\/\/www.sime.org.br\/sis\/wp-content\/uploads\/2018\/11\/Infiormativo-outubro-2018_.pdf\">Informativo impresso out. 2018<\/a><\/li>\n<li><a href=\"http:\/\/www.sime.org.br\/sis\/wp-content\/uploads\/2018\/11\/Informativo-setembro-2018_.pdf\">Informativo impresso set. 2018<\/a><\/li>\n<li><a href=\"http:\/\/www.sime.org.br\/sis\/wp-content\/uploads\/2018\/11\/Informativo-agosto-2018_.pdf\">Informativo impresso ago. 2018<\/a><\/li>\n<li><a href=\"http:\/\/www.sime.org.br\/sis\/wp-content\/uploads\/2018\/08\/Informativo-Julho-2018.pdf\">Informativo impresso jul. 2018<\/a><\/li>\n<li><a href=\"http:\/\/www.sime.org.br\/sis\/wp-content\/uploads\/2018\/07\/Informativo_junho-2018.pdf\">Informativo impresso jun. 2018<\/a><\/li>\n<li><a href=\"http:\/\/www.sime.org.br\/sis\/wp-content\/uploads\/2018\/06\/Informativo_Maio-2018.pdf\">Informativo impresso mai. 2018<\/a><\/li>\n<li><a href=\"http:\/\/www.sime.org.br\/sis\/wp-content\/uploads\/2018\/05\/SIMERJ-Abril-2018-Informativo-abr_2018.pdf\">Informativo impresso abr. 2018<\/a><\/li>\n<li><a href=\"http:\/\/www.sime.org.br\/sis\/wp-content\/uploads\/2018\/05\/Mar\u00e7o2018-Informativo-midia.pdf\">Informativo impresso mar. 2018<\/a><\/li>\n<li><a href=\"http:\/\/www.sime.org.br\/sis\/wp-content\/uploads\/2018\/03\/SIMERJ-Fevereiro-18-compressed.pdf\">Informativo impresso fev. 2018<\/a><\/li>\n<li><a href=\"http:\/\/www.sime.org.br\/sis\/wp-content\/uploads\/2018\/03\/SIMERJ-Janeiro-18-compressed.pdf\">Informativo impresso jan. 2018<\/a><\/li>\n<\/ul>\n<\/div>\n<p>[\/vc_column_text][\/vc_column][\/vc_row][vc_row][vc_column width=&#8221;1\/2&#8243;][vc_column_text]<span style=\"color: #083e7b; font-family: Verdana, Arial, Helvetica, sans-serif; font-size: small;\"><b>Informativos 2016 &#8211; 2017<\/b><\/span><\/p>\n<ul>\n<li><a href=\"http:\/\/www.sime.org.br\/sis\/wp-content\/uploads\/2017\/05\/SIMERJ-Dezembro-17.jpg\">Informativo impresso dez. 2017<\/a><\/li>\n<li><a href=\"http:\/\/www.sime.org.br\/sis\/wp-content\/uploads\/2017\/05\/SIMERJ-Novembro-17.pdf\">Informativo impresso nov. 2017<\/a><\/li>\n<li><a href=\"http:\/\/www.sime.org.br\/sis\/wp-content\/uploads\/2017\/05\/SIMERJ-Outubro-17.pdf\">Informativo impresso out. 2017<\/a><\/li>\n<li><a href=\"http:\/\/www.sime.org.br\/sis\/wp-content\/uploads\/2017\/09\/SIMERJ-Setembro-2017.pdf\">Informativo impresso set. 2017<\/a><\/li>\n<li><a href=\"http:\/\/www.sime.org.br\/sis\/wp-content\/uploads\/2017\/05\/SIMERJ-Agosto-17_compressed.pdf\">Informativo impresso ago. 2017<\/a><\/li>\n<li><a href=\"http:\/\/www.sime.org.br\/sis\/wp-content\/uploads\/2017\/07\/SIMERJ-Julho-17-frente1.pdf\">Informativo impresso jul. 2017<\/a><\/li>\n<li><a href=\"http:\/\/www.sime.org.br\/sis\/wp-content\/uploads\/2017\/07\/SIMERJ-Junho-2017.pdf\">Informativo impresso jun. 2017<\/a><\/li>\n<li><a href=\"http:\/\/www.sime.org.br\/sis\/wp-content\/uploads\/2017\/07\/SIMERJ-Maio-2017.pdf\">Informativo impresso mai. 2017<\/a><\/li>\n<li><a href=\"http:\/\/www.sime.org.br\/sis\/wp-content\/uploads\/2017\/07\/SIMERJ-Abril-2017.pdf\">Informativo impresso abr. 2017<\/a><\/li>\n<li><a href=\"http:\/\/www.sime.org.br\/sis\/wp-content\/uploads\/2017\/07\/SIMERJ-Mar\u00e7o-2017.pdf\">Informativo impresso mar. 2017<\/a><\/li>\n<li><a href=\"http:\/\/www.sime.org.br\/sis\/wp-content\/uploads\/2017\/07\/SIMERJ-Fevereiro-2017.pdf\">Informativo impresso fev. 2017<\/a><\/li>\n<li><a href=\"http:\/\/www.sime.org.br\/sis\/wp-content\/uploads\/2017\/07\/SIMERJ-Janeiro-2017.pdf\">Informativo impresso jan. 2017<\/a><\/li>\n<li><a href=\"http:\/\/www.sime.org.br\/sis\/wp-content\/uploads\/2017\/07\/SIMERJ-Dezembro-2016.pdf\">Informativo impresso dez. 2016<\/a><\/li>\n<li><a href=\"http:\/\/www.sime.org.br\/sis\/wp-content\/uploads\/2017\/07\/SIMERJ-Novembro-2016.pdf\">Informativo impresso nov. 2016<\/a><\/li>\n<li><a href=\"http:\/\/www.sime.org.br\/sis\/wp-content\/uploads\/2017\/07\/SIMERJ-Outubro-2016.pdf\">Informativo impresso out. 2016<\/a><\/li>\n<li><a href=\"http:\/\/www.sime.org.br\/sis\/wp-content\/uploads\/2017\/07\/SIMERJ-Setembro-2016.pdf\">Informativo impresso set. 2016<\/a><\/li>\n<li><a href=\"http:\/\/www.sime.org.br\/sis\/wp-content\/uploads\/2017\/07\/SIMERJ-Agosto-2016.pdf\">Informativo impresso ago. 2016<\/a><\/li>\n<\/ul>\n<p>[\/vc_column_text][vc_column_text]<\/p>\n<p>[\/vc_column_text][\/vc_column][vc_column width=&#8221;1\/2&#8243;][vc_column_text]<span style=\"color: #083e7b; font-family: Verdana, Arial, Helvetica, sans-serif; font-size: small;\"><b>Informativos at\u00e9 2013<\/b><\/span><\/p>\n<ul>\n<li><a href=\"http:\/\/www.sime.org.br\/sis\/media\/contato ambiental_abril_2013.pdf\">Informativo online Contato ambiental \u2013 abril de 2013<\/a><\/li>\n<li><a href=\"http:\/\/www.sime.org.br\/sis\/media\/contato ambiental_mar\u00e7o_2013.pdf\" media=\"\">Informativo online Contato ambiental \u2013 mar\u00e7o de 2013<\/a><\/li>\n<li><a href=\"http:\/\/www.sime.org.br\/sis\/media\/contato ambiental fevereiro_2013.pdf\">Informativo online Contato ambiental \u2013 fevereiro de 2013<\/a><\/li>\n<li><a href=\"http:\/\/www.sime.org.br\/sis\/media\/contato ambiental janeiro_2013.pdf\">Informativo online Contato ambiental \u2013 janeiro de 2013<\/a><\/li>\n<li><a href=\"http:\/\/www.sime.org.br\/sis\/media\/contato ambiental_dezembro.pdf\">Informativo online Contato ambiental \u2013 dezembro de 2012<\/a><\/li>\n<li><a href=\"http:\/\/www.sime.org.br\/sis\/media\/contato ambiental_novembro.pdf\">Informativo online Contato ambiental \u2013 novembro de 2012<\/a><\/li>\n<li><a href=\"http:\/\/www.sime.org.br\/sis\/media\/contato ambiental setembro 2012.pdf\">Informativo online Contato ambiental \u2013 setembro de 2012<\/a><\/li>\n<li><a href=\"http:\/\/www.sime.org.br\/sis\/media\/contato ambiental_agosto.pdf\">Informativo online Contato ambiental \u2013 agosto de 2012<\/a><\/li>\n<li><a href=\"http:\/\/www.sime.org.br\/sis\/media\/contato ambiental_julho.pdf\">Informativo online Contato ambiental \u2013 julho de 2012<\/a><\/li>\n<li><a href=\"http:\/\/www.sime.org.br\/sis\/media\/informativo contato ambiental.pdf\">Informativo online Contato ambiental \u2013 junho de 2012<\/a><\/li>\n<li><a href=\"http:\/\/www.sime.org.br\/sis\/media\/simerj 12 - capa - print.pdf\">Informativo impresso jan. 2012<\/a><\/li>\n<li><a href=\"http:\/\/www.sime.org.br\/sis\/media\/simerj 12 - verso - print.pdf\">Informativo impresso dez. 2010 \/ jan. 2011<\/a><\/li>\n<li><a href=\"http:\/\/www.sime.org.br\/sis\/media\/info-simerj-10+-+prova (2).pdf\">Informativo impresso out. \/ nov. 2010<\/a><\/li>\n<li><a href=\"http:\/\/www.sime.org.br\/sis\/media\/informe edi\u00e7ao 03.pdf\"> Informativo on line n\u00ba 3 &#8211; mar. 2010<\/a><\/li>\n<li><a href=\"http:\/\/www.sime.org.br\/sis\/media\/informe edi\u00e7ao02.pdf\">Informativo on line n\u00ba 2 &#8211; fev. 2010<\/a><\/li>\n<li><a href=\"http:\/\/www.sime.org.br\/sis\/media\/informe edi\u00e7ao 01.pdf\">Informativo on line n\u00ba 1 &#8211; jan. 2010<\/a><\/li>\n<\/ul>\n<p>[\/vc_column_text][\/vc_column][\/vc_row]<\/p>\n<\/div>","protected":false},"excerpt":{"rendered":"<p>[vc_row][vc_column][vc_single_image image=&#8221;12764&#8243; img_size=&#8221;full&#8221; css=&#8221;&#8221;][\/vc_column][\/vc_row][vc_row][vc_column width=&#8221;1\/2&#8243;][vc_column_text]Fique por dentro de todos os nossos informativos. Confira uma sele\u00e7\u00e3o dos \u00faltimos boletins editados pelo SIMERJ.<\/p>\n","protected":false},"author":1,"featured_media":12764,"parent":0,"menu_order":0,"comment_status":"closed","ping_status":"closed","template":"","meta":{"footnotes":""},"class_list":["post-9537","page","type-page","status-publish","has-post-thumbnail","hentry"],"_links":{"self":[{"href":"https:\/\/www.sime.org.br\/sis\/wp-json\/wp\/v2\/pages\/9537","targetHints":{"allow":["GET"]}}],"collection":[{"href":"https:\/\/www.sime.org.br\/sis\/wp-json\/wp\/v2\/pages"}],"about":[{"href":"https:\/\/www.sime.org.br\/sis\/wp-json\/wp\/v2\/types\/page"}],"author":[{"embeddable":true,"href":"https:\/\/www.sime.org.br\/sis\/wp-json\/wp\/v2\/users\/1"}],"replies":[{"embeddable":true,"href":"https:\/\/www.sime.org.br\/sis\/wp-json\/wp\/v2\/comments?post=9537"}],"version-history":[{"count":50,"href":"https:\/\/www.sime.org.br\/sis\/wp-json\/wp\/v2\/pages\/9537\/revisions"}],"predecessor-version":[{"id":12765,"href":"https:\/\/www.sime.org.br\/sis\/wp-json\/wp\/v2\/pages\/9537\/revisions\/12765"}],"wp:featuredmedia":[{"embeddable":true,"href":"https:\/\/www.sime.org.br\/sis\/wp-json\/wp\/v2\/media\/12764"}],"wp:attachment":[{"href":"https:\/\/www.sime.org.br\/sis\/wp-json\/wp\/v2\/media?parent=9537"}],"curies":[{"name":"wp","href":"https:\/\/api.w.org\/{rel}","templated":true}]}}