{"id":9469,"date":"2017-05-18T08:55:44","date_gmt":"2017-05-18T11:55:44","guid":{"rendered":"http:\/\/w3.sime.org.br\/sis\/?page_id=9469"},"modified":"2024-03-21T14:35:19","modified_gmt":"2024-03-21T17:35:19","slug":"agenda","status":"publish","type":"page","link":"https:\/\/www.sime.org.br\/sis\/institucional\/agenda\/","title":{"rendered":"FERIADOS ANUAL 2024"},"content":{"rendered":"<div class=\"wpb-content-wrapper\"><p>[vc_row][vc_column width=&#8221;1\/2&#8243;][vc_column_text]<\/p>\n<h5>Temos\u00a0a preocupa\u00e7\u00e3o constante em defender os interesses da classe e oferecer presta\u00e7\u00e3o de servi\u00e7os de qualidade buscando resolver ou minimizar os problemas das empresas associadas.<\/h5>\n<p><!--more--><\/p>\n<p><strong>LISTA DE FERIADOS DO ANO DE 2024<\/strong><\/p>\n<p>Dia 20 de janeiro de 2024- S\u00e3o Sebasti\u00e3o<\/p>\n<p>Dia 29 de mar\u00e7o de 2024 &#8211; Paix\u00e3o de Cristo<\/p>\n<p>Dia 21 de abril de 2024 \u2013 Tiradentes<\/p>\n<p>Dia 23 de abril de 2024- S\u00e3o Jorge<\/p>\n<p>Dia 01 de maio de 2024 &#8211; Dia do Trabalho<\/p>\n<p>Dia 30 de maio de 2024 &#8211; Corpus Christi<\/p>\n<p>Dia 07 de setembro de 2024 \u2013 Independ\u00eancia do Brasil<\/p>\n<p>Dia 12 de outubro de 2024 \u2013 Nossa Senhora Aparecida<\/p>\n<p>Dia 21 de outubro de 2024 \u2013 Dia do Comerci\u00e1rio ( n\u00e3o tem termo de abertura)<\/p>\n<p>Dia 02 de novembro de 2024 \u2013 Finados<\/p>\n<p>Dia 15 de novembro de 2024 \u2013 Proclama\u00e7\u00e3o da Rep\u00fablica<\/p>\n<p>Dia 20 de novembro de 2024 &#8211; Consci\u00eancia Negra<\/p>\n<p>Termos de abertura ser\u00e3o divulgados atrav\u00e9s do site, e-mail , Instagram e Facebook .<\/p>\n<p>&nbsp;<\/p>\n<p>Estamos \u00e0 disposi\u00e7\u00e3o de todos para esclarecimentos e suporte para qualquer acordo com o sindicato profissional, que se fizer necess\u00e1rio.<\/p>\n<p><a href=\"mailto:simerj@sime.org.br\">simerj@sime.org.br<\/a><\/p>\n<p>(21) 2532-6619 \/ (21) 2532-9309<\/p>\n<p>(21) 98596-3620\/ (21) 98578-4817 (Vilma Campos)[\/vc_column_text][\/vc_column][vc_column width=&#8221;1\/2&#8243;][vc_single_image image=&#8221;12570&#8243; img_size=&#8221;full&#8221;][\/vc_column][\/vc_row]<\/p>\n<\/div>","protected":false},"excerpt":{"rendered":"<p>[vc_row][vc_column width=&#8221;1\/2&#8243;][vc_column_text] Temos\u00a0a preocupa\u00e7\u00e3o constante em defender os interesses da classe e oferecer presta\u00e7\u00e3o de servi\u00e7os de qualidade buscando resolver ou minimizar os problemas das empresas associadas.<\/p>\n","protected":false},"author":1,"featured_media":12570,"parent":9408,"menu_order":0,"comment_status":"closed","ping_status":"closed","template":"","meta":{"footnotes":""},"class_list":["post-9469","page","type-page","status-publish","has-post-thumbnail","hentry"],"_links":{"self":[{"href":"https:\/\/www.sime.org.br\/sis\/wp-json\/wp\/v2\/pages\/9469","targetHints":{"allow":["GET"]}}],"collection":[{"href":"https:\/\/www.sime.org.br\/sis\/wp-json\/wp\/v2\/pages"}],"about":[{"href":"https:\/\/www.sime.org.br\/sis\/wp-json\/wp\/v2\/types\/page"}],"author":[{"embeddable":true,"href":"https:\/\/www.sime.org.br\/sis\/wp-json\/wp\/v2\/users\/1"}],"replies":[{"embeddable":true,"href":"https:\/\/www.sime.org.br\/sis\/wp-json\/wp\/v2\/comments?post=9469"}],"version-history":[{"count":11,"href":"https:\/\/www.sime.org.br\/sis\/wp-json\/wp\/v2\/pages\/9469\/revisions"}],"predecessor-version":[{"id":12574,"href":"https:\/\/www.sime.org.br\/sis\/wp-json\/wp\/v2\/pages\/9469\/revisions\/12574"}],"up":[{"embeddable":true,"href":"https:\/\/www.sime.org.br\/sis\/wp-json\/wp\/v2\/pages\/9408"}],"wp:featuredmedia":[{"embeddable":true,"href":"https:\/\/www.sime.org.br\/sis\/wp-json\/wp\/v2\/media\/12570"}],"wp:attachment":[{"href":"https:\/\/www.sime.org.br\/sis\/wp-json\/wp\/v2\/media?parent=9469"}],"curies":[{"name":"wp","href":"https:\/\/api.w.org\/{rel}","templated":true}]}}