{"id":8215,"date":"2016-09-09T14:42:34","date_gmt":"2016-09-09T11:42:34","guid":{"rendered":"http:\/\/hoodthemes.com\/hood\/?page_id=8215"},"modified":"2017-05-29T10:53:11","modified_gmt":"2017-05-29T13:53:11","slug":"palavradopresidente","status":"publish","type":"page","link":"https:\/\/www.sime.org.br\/sis\/institucional\/palavradopresidente\/","title":{"rendered":"Palavra do Presidente"},"content":{"rendered":"<div class=\"wpb-content-wrapper\"><p>[vc_row][vc_column width=&#8221;1\/4&#8243;][vc_single_image image=&#8221;9749&#8243; img_size=&#8221;full&#8221;][\/vc_column][vc_column width=&#8221;3\/4&#8243;][vc_column_text]<\/p>\n<p style=\"text-align: justify;\">\u00c9 com grande satisfa\u00e7\u00e3o que disponibilizamos a todos o nosso novo site.<br \/>\nNele os empres\u00e1rios do com\u00e9rcio ter\u00e3o acesso a assuntos de interesse da nossa categoria: not\u00edcias, eventos, lan\u00e7amentos, informa\u00e7\u00e3o atualizada e relevante para o setor.<\/p>\n<div class=\"vc_row wpb_row vc_row-fluid\">\n<div class=\"wpb_column vc_column_container vc_col-sm-12\">\n<div class=\"vc_column-inner \">\n<div class=\"wpb_wrapper\">\n<div class=\"wpb_text_column wpb_content_element \">\n<div class=\"wpb_wrapper\">\n<p style=\"text-align: justify;\">As empresas poder\u00e3o visualizar os produtos e servi\u00e7os oferecidos pelo Sindicato e esclarecer d\u00favidas.<\/p>\n<p style=\"text-align: justify;\">O site amplia o canal de comunica\u00e7\u00e3o entre as empresas e o Sindicato e propicia a intera\u00e7\u00e3o.<\/p>\n<p style=\"text-align: justify;\">Nosso objetivo \u00e9 fazer deste espa\u00e7o n\u00e3o s\u00f3 um local de muita informa\u00e7\u00e3o, mas tamb\u00e9m de troca de id\u00e9ias e sugest\u00f5es.<\/p>\n<\/div>\n<\/div>\n<\/div>\n<\/div>\n<\/div>\n<\/div>\n<p>[\/vc_column_text][\/vc_column][\/vc_row][vc_row][vc_column][vc_column_text]<\/p>\n<div class=\"vc_row wpb_row vc_row-fluid\">\n<div class=\"wpb_column vc_column_container vc_col-sm-12\">\n<div class=\"vc_column-inner \">\n<div class=\"wpb_wrapper\">\n<div class=\"wpb_text_column wpb_content_element \">\n<div class=\"wpb_wrapper\">\n<p style=\"text-align: justify;\">E este \u00e9 mais um passo para concretizar a nossa miss\u00e3o de promover e incentivar o crescimento, desenvolvimento e a sustentabilidade das empresas do comercio varejista de material el\u00e9trico, eletr\u00f4nicos e eletrodom\u00e9sticos do Rio de Janeiro e o nosso compromisso de estar, cada vez mais pr\u00f3ximos, lutando pelos direitos coletivos e individuais da nossa categoria, pautados nos princ\u00edpios da \u00e9tica e transpar\u00eancia, focados nas seguintes a\u00e7\u00f5es:<\/p>\n<ul>\n<li>Gera\u00e7\u00e3o de emprego e renda;<\/li>\n<li>Apoio \u00e0s micro e pequenas empresas;<\/li>\n<li>Desenvolvimento setorial atrav\u00e9s de redes de coopera\u00e7\u00e3o;<\/li>\n<li>Atua\u00e7\u00e3o em conjunto com as demais institui\u00e7\u00f5es do sistema (CNC\/Fecomercio-RJ) junto aos poderes Executivo, Legislativo e Judici\u00e1rio, identificando e antecipando oportunidades e amea\u00e7as;<\/li>\n<li>Proposi\u00e7\u00e3o de medidas de fortalecimento do setor;<\/li>\n<li>Redu\u00e7\u00e3o e simplifica\u00e7\u00e3o da carga tribut\u00e1ria.<\/li>\n<\/ul>\n<p style=\"text-align: justify;\">Antonio Flor\u00eancio de Queiroz Junior \u2013 Presidente<\/p>\n<\/div>\n<\/div>\n<\/div>\n<\/div>\n<\/div>\n<\/div>\n<p>[\/vc_column_text][\/vc_column][\/vc_row]<\/p>\n<\/div>","protected":false},"excerpt":{"rendered":"<p>[vc_row][vc_column width=&#8221;1\/4&#8243;][vc_single_image image=&#8221;9749&#8243; img_size=&#8221;full&#8221;][\/vc_column][vc_column width=&#8221;3\/4&#8243;][vc_column_text] \u00c9 com grande satisfa\u00e7\u00e3o que disponibilizamos a todos o nosso novo site. Nele os empres\u00e1rios do com\u00e9rcio ter\u00e3o acesso a assuntos de interesse da nossa categoria: not\u00edcias, eventos, lan\u00e7amentos, informa\u00e7\u00e3o atualizada e relevante para o setor. As empresas poder\u00e3o visualizar os produtos e servi\u00e7os oferecidos pelo Sindicato e esclarecer d\u00favidas. [&hellip;]<\/p>\n","protected":false},"author":1,"featured_media":0,"parent":9408,"menu_order":0,"comment_status":"closed","ping_status":"closed","template":"","meta":{"footnotes":""},"class_list":["post-8215","page","type-page","status-publish","hentry"],"_links":{"self":[{"href":"https:\/\/www.sime.org.br\/sis\/wp-json\/wp\/v2\/pages\/8215","targetHints":{"allow":["GET"]}}],"collection":[{"href":"https:\/\/www.sime.org.br\/sis\/wp-json\/wp\/v2\/pages"}],"about":[{"href":"https:\/\/www.sime.org.br\/sis\/wp-json\/wp\/v2\/types\/page"}],"author":[{"embeddable":true,"href":"https:\/\/www.sime.org.br\/sis\/wp-json\/wp\/v2\/users\/1"}],"replies":[{"embeddable":true,"href":"https:\/\/www.sime.org.br\/sis\/wp-json\/wp\/v2\/comments?post=8215"}],"version-history":[{"count":9,"href":"https:\/\/www.sime.org.br\/sis\/wp-json\/wp\/v2\/pages\/8215\/revisions"}],"predecessor-version":[{"id":9751,"href":"https:\/\/www.sime.org.br\/sis\/wp-json\/wp\/v2\/pages\/8215\/revisions\/9751"}],"up":[{"embeddable":true,"href":"https:\/\/www.sime.org.br\/sis\/wp-json\/wp\/v2\/pages\/9408"}],"wp:attachment":[{"href":"https:\/\/www.sime.org.br\/sis\/wp-json\/wp\/v2\/media?parent=8215"}],"curies":[{"name":"wp","href":"https:\/\/api.w.org\/{rel}","templated":true}]}}