{"id":5195,"date":"2016-04-01T15:07:57","date_gmt":"2016-04-01T15:07:57","guid":{"rendered":"http:\/\/www.hoodthemes.com\/hood\/?page_id=5195"},"modified":"2017-05-18T13:09:52","modified_gmt":"2017-05-18T16:09:52","slug":"quemsomos","status":"publish","type":"page","link":"https:\/\/www.sime.org.br\/sis\/institucional\/quemsomos\/","title":{"rendered":"Quem Somos"},"content":{"rendered":"<div class=\"wpb-content-wrapper\"><p>[vc_row gap=&#8221;35&#8243; padding_top=&#8221;60px&#8221; padding_bottom=&#8221;30px&#8221; css=&#8221;.vc_custom_1469444880858{padding-top: 30px !important;padding-bottom: 30px !important;}&#8221;][vc_column width=&#8221;1\/2&#8243;]<div id=\"ult-carousel-135006456869f676bd09ec7\" class=\"ult-carousel-wrapper   ult_horizontal\" data-gutter=\"\" data-rtl=\"false\" ><div class=\"ult-carousel-18907144669f676bd09da8 \" >[vc_single_image image=&#8221;9476&#8243; img_size=&#8221;full&#8221;][vc_single_image image=&#8221;9478&#8243; img_size=&#8221;full&#8221;][vc_single_image image=&#8221;9479&#8243; img_size=&#8221;full&#8221;]<\/div><\/div>\t\t\t<script type=\"text\/javascript\">\n\t\t\t\tjQuery(document).ready(function ($) {\n\t\t\t\t\t$('.ult-carousel-18907144669f676bd09da8').slick({dots: false,autoplay: true,autoplaySpeed: 3500,speed: 300,infinite: true,arrows: true,nextArrow: '<button type=\"button\" role=\"button\" aria-label=\"Next\" style=\"color:#ffffff; font-size:20px;background:#3083c9;\" class=\"slick-next square-bg\"><i class=\"ultsl-arrow-right4\"><\/i><\/button>',prevArrow: '<button type=\"button\" role=\"button\" aria-label=\"Previous\" style=\"color:#ffffff; font-size:20px;background:#3083c9;\" class=\"slick-prev square-bg\"><i class=\"ultsl-arrow-left4\"><\/i><\/button>',slidesToScroll:1,slidesToShow:1,swipe: true,draggable: true,touchMove: true,pauseOnHover: true,adaptiveHeight: true,responsive: [\n\t\t\t\t\t\t\t{\n\t\t\t\t\t\t\t  breakpoint: 1025,\n\t\t\t\t\t\t\t  settings: {\n\t\t\t\t\t\t\t\tslidesToShow: 1,\n\t\t\t\t\t\t\t\tslidesToScroll: 1,  \n\t\t\t\t\t\t\t  }\n\t\t\t\t\t\t\t},\n\t\t\t\t\t\t\t{\n\t\t\t\t\t\t\t  breakpoint: 769,\n\t\t\t\t\t\t\t  settings: {\n\t\t\t\t\t\t\t\tslidesToShow: 1,\n\t\t\t\t\t\t\t\tslidesToScroll: 1\n\t\t\t\t\t\t\t  }\n\t\t\t\t\t\t\t},\n\t\t\t\t\t\t\t{\n\t\t\t\t\t\t\t  breakpoint: 481,\n\t\t\t\t\t\t\t  settings: {\n\t\t\t\t\t\t\t\tslidesToShow: 1,\n\t\t\t\t\t\t\t\tslidesToScroll: 1\n\t\t\t\t\t\t\t  }\n\t\t\t\t\t\t\t}\n\t\t\t\t\t\t],pauseOnDotsHover: true,customPaging: function(slider, i) {\n                   return '<i type=\"button\" style=&quot;color:#333333;&quot; class=\"ultsl-record\" data-role=\"none\"><\/i>';\n                },});\n\t\t\t\t});\n\t\t\t<\/script>\n\t\t\t[vc_column_text]Fundado em 12 de setembro de 1934, o Simerj &#8211; Sindicato do Com\u00e9rcio Varejista de Material El\u00e9trico, Eletr\u00f4nicos e Eletrodom\u00e9sticos do Rio de Janeiro &#8211; evoluiu junto com alguns dos principais avan\u00e7os tecnol\u00f3gicos inventados pelo homem para a vida cotidiana. Criado inicialmente para atender Comerciantes e Instaladores de Material El\u00e9trico do Distrito Federal &#8211; \u00e0 \u00e9poca, o Rio de Janeiro era a capital do Brasil &#8211; a entidade obteve sua carta sindical em 30 de janeiro de 1941 e, de l\u00e1 para c\u00e1, foi incorporando outras vertentes.<\/p>\n<p>Com a mudan\u00e7a da capital federal para Bras\u00edlia, tornou-se &#8220;Sindicato do Com\u00e9rcio Varejista de Material El\u00e9trico do Estado da Guanabara&#8221;. Posteriormente, com a fus\u00e3o entre o Estado do Rio de Janeiro e o Estado da Guanabara, passou a denominar-se \u201cSindicato do Com\u00e9rcio Varejista de Material El\u00e9trico do Munic\u00edpio do Rio de Janeiro\u201d.<\/p>\n<p>[\/vc_column_text][\/vc_column][vc_column width=&#8221;1\/2&#8243;]<div id=\"ultimate-heading-653269f676bd09efc\" class=\"uvc-heading ult-adjust-bottom-margin ultimate-heading-653269f676bd09efc uvc-4748 \" data-hspacer=\"no_spacer\"  data-halign=\"left\" style=\"text-align:left\"><div class=\"uvc-heading-spacer no_spacer\" style=\"top\"><\/div><div class=\"uvc-main-heading ult-responsive\"  data-ultimate-target='.uvc-heading.ultimate-heading-653269f676bd09efc h2'  data-responsive-json-new='{\"font-size\":\"desktop:25px;\",\"line-height\":\"\"}' ><h2 style=\"font-weight:normal;\">Sindicato do Com\u00e9rcio Varejista de Material El\u00e9trico, Eletr\u00f4nicos e Eletrodom\u00e9sticos do Rio de Janeiro<\/h2><\/div><\/div><div class=\"ult-spacer spacer-69f676bd09f18\" data-id=\"69f676bd09f18\" data-height=\"20\" data-height-mobile=\"20\" data-height-tab=\"20\" data-height-tab-portrait=\"\" data-height-mobile-landscape=\"\" style=\"clear:both;display:block;\"><\/div>[vc_column_text 0=&#8221;&#8221;]Em 2007, quando passou a se chamar Sindicato do Com\u00e9rcio Varejista de Material El\u00e9trico, Eletr\u00f4nicos e Eletrodom\u00e9sticos do Munic\u00edpio do Rio de Janeiro.<\/p>\n<p>Em 2011, passou a se denominar-se Sindicato do Com\u00e9rcio Varejista de Material El\u00e9trico, Eletr\u00f4nicos e Eletrodom\u00e9sticos do Rio de Janeiro. Atualmente, o sindicato possui cerca de 3.500 afiliados.<\/p>\n<p><strong>S\u00e3o prerrogativas do sindicato:<\/strong><\/p>\n<p>&#8211; Representar, perante as autoridades administrativas e judiciais, os interesses gerais da categoria econ\u00f4mica ou os interesses individuais relativos \u00e0 atividade exercida;<\/p>\n<p>&#8211; Colaborar com o Estado, com os \u00f3rg\u00e3os t\u00e9cnicos e consultivos no estudo e solu\u00e7\u00f5es dos problemas que se relacionem com a respectiva categoria econ\u00f4mica.[\/vc_column_text][\/vc_column][\/vc_row][vc_row full_width=&#8221;stretch_row&#8221; el_class=&#8221;circle-line&#8221; css=&#8221;.vc_custom_1472914276640{background-color: #1e1e1e !important;background-position: 0 0 !important;background-repeat: repeat !important;}&#8221;][vc_column width=&#8221;2\/3&#8243;][vc_single_image image=&#8221;9482&#8243; img_size=&#8221;full&#8221; css_animation=&#8221;fadeInLeft&#8221;][\/vc_column][vc_column width=&#8221;1\/3&#8243;]<div class=\"ult-spacer spacer-69f676bd09f26\" data-id=\"69f676bd09f26\" data-height=\"200\" data-height-mobile=\"200\" data-height-tab=\"200\" data-height-tab-portrait=\"\" data-height-mobile-landscape=\"\" style=\"clear:both;display:block;\"><\/div><div class=\"ult-animation  ult-animate-viewport  ult-no-mobile \" data-animate=\"fadeInRight\" data-animation-delay=\"1\" data-animation-duration=\"1\" data-animation-iteration=\"1\" style=\"opacity:0;\" data-opacity_start_effect=\"\"><div id=\"ultimate-heading-96869f676bd09f9e\" class=\"uvc-heading ult-adjust-bottom-margin ultimate-heading-96869f676bd09f9e uvc-5418 \" data-hspacer=\"no_spacer\"  data-halign=\"left\" style=\"text-align:left\"><div class=\"uvc-heading-spacer no_spacer\" style=\"top\"><\/div><div class=\"uvc-main-heading ult-responsive\"  data-ultimate-target='.uvc-heading.ultimate-heading-96869f676bd09f9e h2'  data-responsive-json-new='{\"font-size\":\"desktop:29px;\",\"line-height\":\"\"}' ><h2 style=\"font-weight:normal;color:#ffffff;\">MISS\u00c3O E VALORES<\/h2><\/div><\/div><div class=\"ult-spacer spacer-69f676bd09fbc\" data-id=\"69f676bd09fbc\" data-height=\"20\" data-height-mobile=\"20\" data-height-tab=\"20\" data-height-tab-portrait=\"\" data-height-mobile-landscape=\"\" style=\"clear:both;display:block;\"><\/div>[vc_column_text 0=&#8221;&#8221;]<span style=\"color: #ffffff;\">A miss\u00e3o do Simerj \u00e9 coordenar, proteger e representar legalmente a categoria econ\u00f4mica dos comerciantes de material el\u00e9trico, eletr\u00f4nicos e eletrodom\u00e9sticos, bem como artigos de inform\u00e1tica e equipamentos de telecomunica\u00e7\u00f5es e telefonia em geral no Munic\u00edpio do Rio de Janeiro.<\/span>[\/vc_column_text]<\/div>[\/vc_column][vc_column][\/vc_column][\/vc_row][vc_row bg_type=&#8221;image&#8221; parallax_style=&#8221;vcpb-default&#8221; bg_image_new=&#8221;3870&#8243; bg_image_repeat=&#8221;no-repeat&#8221; bg_image_size=&#8221;cover&#8221; bg_img_attach=&#8221;fixed&#8221; bg_override=&#8221;full&#8221; animation_type=&#8221;h&#8221; horizontal_animation=&#8221;left-animation&#8221; vertical_animation=&#8221;top-animation&#8221; disable_on_mobile=&#8221;disable_on_mobile_value&#8221; padding_top=&#8221;55px&#8221; padding_bottom=&#8221;0px&#8221; css=&#8221;.vc_custom_1464683484243{padding-top: 60px !important;}&#8221;][vc_column 0=&#8221;&#8221;]<div id=\"ult-carousel-145597527969f676bd09ff3\" class=\"ult-carousel-wrapper   ult_horizontal\" data-gutter=\"15\" data-rtl=\"false\" ><div class=\"ult-carousel-10304201669f676bd09fd2 \" ><div class=\"ult-item-wrap\" data-animation=\"animated no-animation\"><div class=\"ult-just-icon-wrapper  \"><div class=\"align-icon\" style=\"text-align:center;\">\n<div class=\"aio-icon-img \" style=\"font-size:220px;display:inline-block;\" >\n\t<img decoding=\"async\" class=\"img-icon\" alt=\"Fecom\u00e9rcio\" src=\"https:\/\/www.sime.org.br\/sis\/wp-content\/uploads\/2016\/04\/parc-fecomercio.jpg\"\/>\n<\/div><\/div><\/div><\/div><div class=\"ult-item-wrap\" data-animation=\"animated no-animation\"><div class=\"ult-just-icon-wrapper  \"><div class=\"align-icon\" style=\"text-align:center;\">\n<div class=\"aio-icon-img \" style=\"font-size:220px;display:inline-block;\" >\n\t<img decoding=\"async\" class=\"img-icon\" alt=\"CNC\" src=\"https:\/\/www.sime.org.br\/sis\/wp-content\/uploads\/2016\/04\/parc-cnc.jpg\"\/>\n<\/div><\/div><\/div><\/div><div class=\"ult-item-wrap\" data-animation=\"animated no-animation\"><div class=\"ult-just-icon-wrapper  \"><div class=\"align-icon\" style=\"text-align:center;\">\n<div class=\"aio-icon-img \" style=\"font-size:220px;display:inline-block;\" >\n\t<img decoding=\"async\" class=\"img-icon\" alt=\"SENAC\" src=\"https:\/\/www.sime.org.br\/sis\/wp-content\/uploads\/2016\/04\/parc-senac.jpg\"\/>\n<\/div><\/div><\/div><\/div><div class=\"ult-item-wrap\" data-animation=\"animated no-animation\"><div class=\"ult-just-icon-wrapper  \"><div class=\"align-icon\" style=\"text-align:center;\">\n<div class=\"aio-icon-img \" style=\"font-size:220px;display:inline-block;\" >\n\t<img decoding=\"async\" class=\"img-icon\" alt=\"SESC\" src=\"https:\/\/www.sime.org.br\/sis\/wp-content\/uploads\/2016\/04\/parc-sesc.jpg\"\/>\n<\/div><\/div><\/div><\/div><div class=\"ult-item-wrap\" data-animation=\"animated no-animation\"><div class=\"ult-just-icon-wrapper  \"><div class=\"align-icon\" style=\"text-align:center;\">\n<div class=\"aio-icon-img \" style=\"font-size:220px;display:inline-block;\" >\n\t<img decoding=\"async\" class=\"img-icon\" alt=\"SEBRAE\" src=\"https:\/\/www.sime.org.br\/sis\/wp-content\/uploads\/2016\/04\/parc-sebrae.jpg\"\/>\n<\/div><\/div><\/div><\/div><\/div><\/div>\t\t\t<script type=\"text\/javascript\">\n\t\t\t\tjQuery(document).ready(function ($) {\n\t\t\t\t\t$('.ult-carousel-10304201669f676bd09fd2').slick({dots: true,autoplay: true,autoplaySpeed: 5000,speed: 300,infinite: true,arrows: false,slidesToScroll:5,slidesToShow:5,swipe: true,draggable: true,touchMove: true,pauseOnHover: true,responsive: [\n\t\t\t\t\t\t\t{\n\t\t\t\t\t\t\t  breakpoint: 1025,\n\t\t\t\t\t\t\t  settings: {\n\t\t\t\t\t\t\t\tslidesToShow: 5,\n\t\t\t\t\t\t\t\tslidesToScroll: 5,  \n\t\t\t\t\t\t\t  }\n\t\t\t\t\t\t\t},\n\t\t\t\t\t\t\t{\n\t\t\t\t\t\t\t  breakpoint: 769,\n\t\t\t\t\t\t\t  settings: {\n\t\t\t\t\t\t\t\tslidesToShow: 3,\n\t\t\t\t\t\t\t\tslidesToScroll: 3\n\t\t\t\t\t\t\t  }\n\t\t\t\t\t\t\t},\n\t\t\t\t\t\t\t{\n\t\t\t\t\t\t\t  breakpoint: 481,\n\t\t\t\t\t\t\t  settings: {\n\t\t\t\t\t\t\t\tslidesToShow: 2,\n\t\t\t\t\t\t\t\tslidesToScroll: 2\n\t\t\t\t\t\t\t  }\n\t\t\t\t\t\t\t}\n\t\t\t\t\t\t],pauseOnDotsHover: true,customPaging: function(slider, i) {\n                   return '<i type=\"button\" style=&quot;color:#9e9e9e;&quot; class=\"ultsl-radio-checked\" data-role=\"none\"><\/i>';\n                },});\n\t\t\t\t});\n\t\t\t<\/script>\n\t\t\t[\/vc_column][\/vc_row]<\/p>\n<\/div>","protected":false},"excerpt":{"rendered":"<p>[vc_row gap=&#8221;35&#8243; padding_top=&#8221;60px&#8221; padding_bottom=&#8221;30px&#8221; css=&#8221;.vc_custom_1469444880858{padding-top: 30px !important;padding-bottom: 30px !important;}&#8221;][vc_column width=&#8221;1\/2&#8243;][vc_column_text]Fundado em 12 de setembro de 1934, o Simerj &#8211; Sindicato do Com\u00e9rcio Varejista de Material El\u00e9trico, Eletr\u00f4nicos e Eletrodom\u00e9sticos do Rio de Janeiro &#8211; evoluiu junto com alguns dos principais avan\u00e7os tecnol\u00f3gicos inventados pelo homem para a vida cotidiana. Criado inicialmente para atender Comerciantes e [&hellip;]<\/p>\n","protected":false},"author":1,"featured_media":0,"parent":9408,"menu_order":0,"comment_status":"closed","ping_status":"closed","template":"","meta":{"footnotes":""},"class_list":["post-5195","page","type-page","status-publish","hentry"],"_links":{"self":[{"href":"https:\/\/www.sime.org.br\/sis\/wp-json\/wp\/v2\/pages\/5195","targetHints":{"allow":["GET"]}}],"collection":[{"href":"https:\/\/www.sime.org.br\/sis\/wp-json\/wp\/v2\/pages"}],"about":[{"href":"https:\/\/www.sime.org.br\/sis\/wp-json\/wp\/v2\/types\/page"}],"author":[{"embeddable":true,"href":"https:\/\/www.sime.org.br\/sis\/wp-json\/wp\/v2\/users\/1"}],"replies":[{"embeddable":true,"href":"https:\/\/www.sime.org.br\/sis\/wp-json\/wp\/v2\/comments?post=5195"}],"version-history":[{"count":15,"href":"https:\/\/www.sime.org.br\/sis\/wp-json\/wp\/v2\/pages\/5195\/revisions"}],"predecessor-version":[{"id":9492,"href":"https:\/\/www.sime.org.br\/sis\/wp-json\/wp\/v2\/pages\/5195\/revisions\/9492"}],"up":[{"embeddable":true,"href":"https:\/\/www.sime.org.br\/sis\/wp-json\/wp\/v2\/pages\/9408"}],"wp:attachment":[{"href":"https:\/\/www.sime.org.br\/sis\/wp-json\/wp\/v2\/media?parent=5195"}],"curies":[{"name":"wp","href":"https:\/\/api.w.org\/{rel}","templated":true}]}}