{"id":12538,"date":"2023-11-30T15:11:24","date_gmt":"2023-11-30T18:11:24","guid":{"rendered":"https:\/\/www.sime.org.br\/sis\/?page_id=12538"},"modified":"2023-11-30T22:42:45","modified_gmt":"2023-12-01T01:42:45","slug":"politica-de-cookies","status":"publish","type":"page","link":"https:\/\/www.sime.org.br\/sis\/politica-de-cookies\/","title":{"rendered":"Pol\u00edtica de Cookies"},"content":{"rendered":"\r\n<h3 class=\"s1 wp-block-heading\">AVISO DE COOKIES \u2013 WEBSITE SIMERJ<\/h3>\r\n<p>O presente Aviso de Cookies \u00e9 um documento complementar ao Aviso de Privacidade apresentado no website (www.sime.org.br) do<strong> Sindicato do Com\u00e9rcio Varejista de Material El\u00e9trico, Eletr\u00f4nicos e Eletrodom\u00e9sticos do Rio de Janeiro (SIMERJ).<\/strong><\/p>\r\n<p><br \/>Cookies s\u00e3o pequenos arquivos de texto ou fragmentos de informa\u00e7\u00e3o que s\u00e3o baixados em seu computador, smartphone ou qualquer outro dispositivo com acesso \u00e0 internet quando voc\u00ea visita um website.<\/p>\r\n<p><br \/><strong>Este website utiliza cookies funcionais, considerados essenciais, para o seu funcionamento.<\/strong><\/p>\r\n<p><br \/>Voc\u00ea pode encontrar links para ambientes externos cujas pol\u00edticas de privacidade n\u00e3o s\u00e3o de responsabilidade do SIMERJ.<\/p>\r\n<p><br \/>Para n\u00f3s a privacidade e confian\u00e7a s\u00e3o fundamentais para a nossa rela\u00e7\u00e3o com voc\u00ea. Estamos sempre nos atualizando para manter os mais altos padr\u00f5es de seguran\u00e7a.<\/p>\r\n<p><br \/>Assim, reservamo-nos o direito de alterar este Aviso de Cookies a qualquer tempo. As mudan\u00e7as entrar\u00e3o em vigor logo ap\u00f3s a publica\u00e7\u00e3o.<\/p>\r\n<p><br \/>Ao continuar a navega\u00e7\u00e3o nas nossas aplica\u00e7\u00f5es ap\u00f3s as eventuais mudan\u00e7as se tornarem eficazes, voc\u00ea concorda com elas. Aconselhamos que voc\u00ea sempre verifique este Aviso, bem como o Aviso de Privacidade do website.<\/p>\r\n<p><br \/>Em caso de d\u00favidas sobre este Aviso de Cookies, entre em contato conosco por meio do e-mail abaixo:<br \/>simerj@sime.org.br<\/p>\r\n<p><br \/>Este Aviso de Cookies foi atualizado pela \u00faltima vez em 05 de setembro de 2023.<\/p>\r\n<p><\/p>","protected":false},"excerpt":{"rendered":"<p>AVISO DE COOKIES \u2013 WEBSITE SIMERJ O presente Aviso de Cookies \u00e9 um documento complementar ao Aviso de Privacidade apresentado no website (www.sime.org.br) do Sindicato do Com\u00e9rcio Varejista de Material El\u00e9trico, Eletr\u00f4nicos e Eletrodom\u00e9sticos do Rio de Janeiro (SIMERJ). Cookies s\u00e3o pequenos arquivos de texto ou fragmentos de informa\u00e7\u00e3o que s\u00e3o baixados em seu computador, [&hellip;]<\/p>\n","protected":false},"author":1,"featured_media":0,"parent":0,"menu_order":0,"comment_status":"closed","ping_status":"closed","template":"","meta":{"footnotes":""},"class_list":["post-12538","page","type-page","status-publish","hentry"],"_links":{"self":[{"href":"https:\/\/www.sime.org.br\/sis\/wp-json\/wp\/v2\/pages\/12538","targetHints":{"allow":["GET"]}}],"collection":[{"href":"https:\/\/www.sime.org.br\/sis\/wp-json\/wp\/v2\/pages"}],"about":[{"href":"https:\/\/www.sime.org.br\/sis\/wp-json\/wp\/v2\/types\/page"}],"author":[{"embeddable":true,"href":"https:\/\/www.sime.org.br\/sis\/wp-json\/wp\/v2\/users\/1"}],"replies":[{"embeddable":true,"href":"https:\/\/www.sime.org.br\/sis\/wp-json\/wp\/v2\/comments?post=12538"}],"version-history":[{"count":5,"href":"https:\/\/www.sime.org.br\/sis\/wp-json\/wp\/v2\/pages\/12538\/revisions"}],"predecessor-version":[{"id":12549,"href":"https:\/\/www.sime.org.br\/sis\/wp-json\/wp\/v2\/pages\/12538\/revisions\/12549"}],"wp:attachment":[{"href":"https:\/\/www.sime.org.br\/sis\/wp-json\/wp\/v2\/media?parent=12538"}],"curies":[{"name":"wp","href":"https:\/\/api.w.org\/{rel}","templated":true}]}}