{"id":10040,"date":"2017-07-10T16:32:45","date_gmt":"2017-07-10T19:32:45","guid":{"rendered":"http:\/\/www.sime.org.br\/sis\/?page_id=10040"},"modified":"2017-07-10T16:32:45","modified_gmt":"2017-07-10T19:32:45","slug":"rede-viva-bem","status":"publish","type":"page","link":"https:\/\/www.sime.org.br\/sis\/servicos\/rede-viva-bem\/","title":{"rendered":"REDE VIVA BEM"},"content":{"rendered":"<div class=\"wpb-content-wrapper\"><p>[vc_row][vc_column width=&#8221;1\/2&#8243;][vc_column_text]O <strong>Simerj <\/strong>firmou uma nova parceria com a <strong>REDE VIVA BEM.\u00a0 <\/strong>Uma solu\u00e7\u00e3o alternativa, moderna e inteligente para aqueles que n\u00e3o podem pagar ou manter um plano de sa\u00fade em fun\u00e7\u00e3o dos elevados custos mensais cobrados.\u00a0 A <strong>REDE VIVA BEM <\/strong>n\u00e3o \u00e9 um plano de sa\u00fade, mas sim um servi\u00e7o de sa\u00fade e bem estar.<\/p>\n<p>Segundo a ANS \u2013 Ag\u00eancia Nacional de Sa\u00fade, nos \u00faltimos 12 meses, mais de 1,7 milh\u00e3o de pessoas deixaram de ter seus planos de sa\u00fade exatamente por este motivo. A expectativa \u00e9 de que este n\u00famero atinja 2 milh\u00f5es at\u00e9 o dia 31 de dezembro.<\/p>\n<p>Para minimizar este problema, a <strong>REDE VIVA BEM <\/strong>consegue viabilizar o atendimento m\u00e9dico ambulatorial atrav\u00e9s de sua rede Credenciada, em que o associado paga um valor mais baixo nas consultas e exames aos profissionais de sa\u00fade, utilizando assim, servi\u00e7os m\u00e9dicos particulares.<\/p>\n<p>A proposta de parceria da <strong>REDE VIVA BEM<\/strong> \u00e0s empresas representadas pelo\u00a0 Simerj \u00e9 apresentada de duas formas: a Patronal e a Indicativa.<\/p>\n<p>1 \u2013 Patronal : onde a empresa investe no custo de associa\u00e7\u00e3o dos funcion\u00e1rios. Este valor vai variar de acordo com o n\u00famero de funcion\u00e1rios e modalidade de plano (individual ou familiar).<\/p>\n<p>2 \u2013 Indicativo : onde a empresa divulga a exist\u00eancia da <strong>REDE VIVA BEM<\/strong> aos seus funcion\u00e1rios, informando que os valores da associa\u00e7\u00e3o tem um desconto de 50%, tendo em vista se tratar de uma parceria existente, gra\u00e7as \u00e0 empresa ser sindicalizada e estar em dia com suas obriga\u00e7\u00f5es.<\/p>\n<p>Hoje, os valores normais de uma associa\u00e7\u00e3o na REDE VIVA BEM s\u00e3o: R$240,00 para o plano familiar e R$90,00 para o plano individual.<\/p>\n<p>Na <strong>REDE VIVA BEM<\/strong>, o pagamento da consulta ou procedimento \u00e9 feito com base na <strong>Tabela CBHPM, <\/strong>editada pela<strong> AMB (Associa\u00e7\u00e3o M\u00e9dica Brasileira). <\/strong>Esta tabela \u00e9 a mesma utilizada pelos planos de sa\u00fade para remunerar seus m\u00e9dicos, cl\u00ednicas e laborat\u00f3rios conveniados.<\/p>\n<p>Uma consulta, por exemplo, conforme a Tabela CBHPM, est\u00e1 precificada em R$ 91,65. Este valor tem vig\u00eancia at\u00e9 outubro de 2017.<\/p>\n<p>Os interessados podem acessar o site <a href=\"http:\/\/www.redevivabem.com.br\" target=\"_new\">www.redevivabem.com.br<\/a> ou entrar em contato direto com o Sr. Danilo. Telefones 21-99888-8432 ou 21-97284-7385[\/vc_column_text][\/vc_column][vc_column width=&#8221;1\/2&#8243;][vc_single_image image=&#8221;10041&#8243; img_size=&#8221;full&#8221;][\/vc_column][\/vc_row]<\/p>\n<\/div>","protected":false},"excerpt":{"rendered":"<p>[vc_row][vc_column width=&#8221;1\/2&#8243;][vc_column_text]O Simerj firmou uma nova parceria com a REDE VIVA BEM.\u00a0 Uma solu\u00e7\u00e3o alternativa, moderna e inteligente para aqueles que n\u00e3o podem pagar ou manter um plano de sa\u00fade em fun\u00e7\u00e3o dos elevados custos mensais cobrados.\u00a0 A REDE VIVA BEM n\u00e3o \u00e9 um plano de sa\u00fade, mas sim um servi\u00e7o de sa\u00fade e bem [&hellip;]<\/p>\n","protected":false},"author":1,"featured_media":0,"parent":6830,"menu_order":0,"comment_status":"closed","ping_status":"closed","template":"","meta":{"footnotes":""},"class_list":["post-10040","page","type-page","status-publish","hentry"],"_links":{"self":[{"href":"https:\/\/www.sime.org.br\/sis\/wp-json\/wp\/v2\/pages\/10040","targetHints":{"allow":["GET"]}}],"collection":[{"href":"https:\/\/www.sime.org.br\/sis\/wp-json\/wp\/v2\/pages"}],"about":[{"href":"https:\/\/www.sime.org.br\/sis\/wp-json\/wp\/v2\/types\/page"}],"author":[{"embeddable":true,"href":"https:\/\/www.sime.org.br\/sis\/wp-json\/wp\/v2\/users\/1"}],"replies":[{"embeddable":true,"href":"https:\/\/www.sime.org.br\/sis\/wp-json\/wp\/v2\/comments?post=10040"}],"version-history":[{"count":2,"href":"https:\/\/www.sime.org.br\/sis\/wp-json\/wp\/v2\/pages\/10040\/revisions"}],"predecessor-version":[{"id":10043,"href":"https:\/\/www.sime.org.br\/sis\/wp-json\/wp\/v2\/pages\/10040\/revisions\/10043"}],"up":[{"embeddable":true,"href":"https:\/\/www.sime.org.br\/sis\/wp-json\/wp\/v2\/pages\/6830"}],"wp:attachment":[{"href":"https:\/\/www.sime.org.br\/sis\/wp-json\/wp\/v2\/media?parent=10040"}],"curies":[{"name":"wp","href":"https:\/\/api.w.org\/{rel}","templated":true}]}}